{"id":1062,"date":"2023-09-16T03:13:07","date_gmt":"2023-09-16T03:13:07","guid":{"rendered":"https:\/\/exponicausa.com\/?page_id=1062"},"modified":"2023-09-18T01:20:42","modified_gmt":"2023-09-18T01:20:42","slug":"pabellon-agricultores","status":"publish","type":"page","link":"https:\/\/exponicausa.com\/en\/pabellon-agricultores\/","title":{"rendered":"Farmers Pavilion"},"content":{"rendered":"<div data-elementor-type=\"wp-page\" data-elementor-id=\"1062\" class=\"elementor elementor-1062\">\n\t\t\t\t\t\t\t\t\t<section class=\"elementor-section elementor-top-section elementor-element elementor-element-744047b elementor-section-boxed elementor-section-height-default elementor-section-height-default\" data-id=\"744047b\" data-element_type=\"section\">\r\n\t\t\r\n\t\t\t\t\t\t\t<div class=\"elementor-container elementor-column-gap-default\">\r\n\t\t\t\t\t\t\t\t\t\t\t<div class=\"elementor-column elementor-col-100 elementor-top-column elementor-element elementor-element-ded9042\" data-id=\"ded9042\" data-element_type=\"column\">\r\n\t\t\t\t\t<div class=\"elementor-widget-wrap elementor-element-populated\">\r\n\t\t\t\t\t\t\t\t<div class=\"elementor-element elementor-element-c216c7b elementor-widget elementor-widget-heading\" data-id=\"c216c7b\" data-element_type=\"widget\" data-widget_type=\"heading.default\">\n\t\t\t\t<div class=\"elementor-widget-container\">\n\t\t\t<style>\/*! elementor - v3.14.0 - 26-06-2023 *\/\n.elementor-heading-title{padding:0;margin:0;line-height:1}.elementor-widget-heading .elementor-heading-title[class*=elementor-size-]>a{color:inherit;font-size:inherit;line-height:inherit}.elementor-widget-heading .elementor-heading-title.elementor-size-small{font-size:15px}.elementor-widget-heading .elementor-heading-title.elementor-size-medium{font-size:19px}.elementor-widget-heading .elementor-heading-title.elementor-size-large{font-size:29px}.elementor-widget-heading .elementor-heading-title.elementor-size-xl{font-size:39px}.elementor-widget-heading .elementor-heading-title.elementor-size-xxl{font-size:59px}<\/style><h2 class=\"elementor-heading-title elementor-size-default\">Farmer's Market<\/h2>\t\t<\/div>\n\t\t\t\t<\/div>\n\t\t\t\t<div class=\"elementor-element elementor-element-20c7cd4 elementor-widget elementor-widget-text-editor\" data-id=\"20c7cd4\" data-element_type=\"widget\" data-widget_type=\"text-editor.default\">\n\t\t\t\t<div class=\"elementor-widget-container\">\n\t\t\t<style>\/*! elementor - v3.14.0 - 26-06-2023 *\/\n.elementor-widget-text-editor.elementor-drop-cap-view-stacked .elementor-drop-cap{background-color:#69727d;color:#fff}.elementor-widget-text-editor.elementor-drop-cap-view-framed .elementor-drop-cap{color:#69727d;border:3px solid;background-color:transparent}.elementor-widget-text-editor:not(.elementor-drop-cap-view-default) .elementor-drop-cap{margin-top:8px}.elementor-widget-text-editor:not(.elementor-drop-cap-view-default) .elementor-drop-cap-letter{width:1em;height:1em}.elementor-widget-text-editor .elementor-drop-cap{float:left;text-align:center;line-height:1;font-size:50px}.elementor-widget-text-editor .elementor-drop-cap-letter{display:inline-block}<\/style>\t\t\t\t<p>This segment, which will be present for the first time at the fair, will be one of the most\nattractive and colorful of this edition.&nbsp;<span style=\"letter-spacing: var(--porto-body-ls,0);\">Through this showcase, farmers from the Florida area\nwill be able to exhibit and sell fruits, vegetables, honey and other agricultural products.\nOrganic and non-organic products, as well as exotic fruits, an excellent opportunity for\nvisitors to purchase and contact local producers.<\/span><\/p>\t\t\t\t\t\t<\/div>\n\t\t\t\t<\/div>\n\t\t\t\t<div class=\"elementor-element elementor-element-bcb36f7 elementor-widget elementor-widget-image\" data-id=\"bcb36f7\" data-element_type=\"widget\" data-widget_type=\"image.default\">\n\t\t\t\t<div class=\"elementor-widget-container\">\n\t\t\t<style>\/*! elementor - v3.14.0 - 26-06-2023 *\/\n.elementor-widget-image{text-align:center}.elementor-widget-image a{display:inline-block}.elementor-widget-image a img[src$=\".svg\"]{width:48px}.elementor-widget-image img{vertical-align:middle;display:inline-block}<\/style>\t\t\t\t\t\t\t\t\t\t\t\t<img loading=\"lazy\" decoding=\"async\" width=\"1920\" height=\"1024\" src=\"https:\/\/exponicausa.com\/wp-content\/uploads\/2023\/09\/BANNER-AGRICOLA.jpg\" class=\"attachment-full size-full wp-image-1108\" alt=\"\" srcset=\"https:\/\/exponicausa.com\/wp-content\/uploads\/2023\/09\/BANNER-AGRICOLA.jpg 1920w, https:\/\/exponicausa.com\/wp-content\/uploads\/2023\/09\/BANNER-AGRICOLA-1024x546.jpg 1024w, https:\/\/exponicausa.com\/wp-content\/uploads\/2023\/09\/BANNER-AGRICOLA-768x410.jpg 768w, https:\/\/exponicausa.com\/wp-content\/uploads\/2023\/09\/BANNER-AGRICOLA-1536x819.jpg 1536w, https:\/\/exponicausa.com\/wp-content\/uploads\/2023\/09\/BANNER-AGRICOLA-640x341.jpg 640w, https:\/\/exponicausa.com\/wp-content\/uploads\/2023\/09\/BANNER-AGRICOLA-400x213.jpg 400w, https:\/\/exponicausa.com\/wp-content\/uploads\/2023\/09\/BANNER-AGRICOLA-600x320.jpg 600w\" sizes=\"auto, (max-width: 1920px) 100vw, 1920px\" \/>\t\t\t\t\t\t\t\t\t\t\t\t\t\t\t<\/div>\n\t\t\t\t<\/div>\n\t\t\t\t\t<\/div>\r\n\t\t\t\t<\/div>\r\n\t\t\t\t\t<\/div>\r\n\t\t\t\t<\/section>\r\n\t\t\t\t\t\t\t<\/div>","protected":false},"excerpt":{"rendered":"<p>Mercado Campesino Este segmento que por primera vez estar\u00e1 presente en la feria, ser\u00e1 uno de los mas atractivos y coloridos en esta edici\u00f3n.&nbsp;A trav\u00e9s de esta ventana los agricultores del \u00e1rea de la Florida, podr\u00e1n exponer y vender frutas, vegetales mieles y los derivados del campo. Productos org\u00e1nicos y no org\u00e1nicos, lo mismo que [&hellip;]<\/p>","protected":false},"author":1,"featured_media":0,"parent":0,"menu_order":0,"comment_status":"closed","ping_status":"closed","template":"","meta":{"footnotes":""},"class_list":["post-1062","page","type-page","status-publish","hentry"],"_links":{"self":[{"href":"https:\/\/exponicausa.com\/en\/wp-json\/wp\/v2\/pages\/1062","targetHints":{"allow":["GET"]}}],"collection":[{"href":"https:\/\/exponicausa.com\/en\/wp-json\/wp\/v2\/pages"}],"about":[{"href":"https:\/\/exponicausa.com\/en\/wp-json\/wp\/v2\/types\/page"}],"author":[{"embeddable":true,"href":"https:\/\/exponicausa.com\/en\/wp-json\/wp\/v2\/users\/1"}],"replies":[{"embeddable":true,"href":"https:\/\/exponicausa.com\/en\/wp-json\/wp\/v2\/comments?post=1062"}],"version-history":[{"count":7,"href":"https:\/\/exponicausa.com\/en\/wp-json\/wp\/v2\/pages\/1062\/revisions"}],"predecessor-version":[{"id":1123,"href":"https:\/\/exponicausa.com\/en\/wp-json\/wp\/v2\/pages\/1062\/revisions\/1123"}],"wp:attachment":[{"href":"https:\/\/exponicausa.com\/en\/wp-json\/wp\/v2\/media?parent=1062"}],"curies":[{"name":"wp","href":"https:\/\/api.w.org\/{rel}","templated":true}]}}